{"id":4649,"date":"2024-02-29T12:39:09","date_gmt":"2024-02-29T11:39:09","guid":{"rendered":"https:\/\/silagesafe.nl\/?page_id=4649"},"modified":"2024-07-03T12:47:34","modified_gmt":"2024-07-03T10:47:34","slug":"disclaimer","status":"publish","type":"page","link":"https:\/\/silagesafe.nl\/sv\/disclaimer\/","title":{"rendered":"Ansvarsfriskrivning"},"content":{"rendered":"<div data-elementor-type=\"wp-page\" data-elementor-id=\"4649\" class=\"elementor elementor-4649\" data-elementor-post-type=\"page\">\n\t\t\t\t\t\t<section class=\"elementor-section elementor-top-section elementor-element elementor-element-f9879a3 elementor-section-boxed elementor-section-height-default elementor-section-height-default\" data-id=\"f9879a3\" data-element_type=\"section\" data-e-type=\"section\" data-no-translation=\"\">\n\t\t\t\t\t\t<div class=\"elementor-container elementor-column-gap-default\">\n\t\t\t\t\t<div class=\"elementor-column elementor-col-100 elementor-top-column elementor-element elementor-element-160eacd\" data-id=\"160eacd\" data-element_type=\"column\" data-e-type=\"column\">\n\t\t\t<div class=\"elementor-widget-wrap elementor-element-populated\">\n\t\t\t\t\t\t<div class=\"elementor-element elementor-element-a0d9891 elementor-widget elementor-widget-text-editor\" data-id=\"a0d9891\" data-element_type=\"widget\" data-e-type=\"widget\" data-widget_type=\"text-editor.default\">\n\t\t\t\t<div class=\"elementor-widget-container\">\n\t\t\t\t\t\t\t\t\t<p>Informationen p\u00e5 den h\u00e4r webbplatsen \u00e4r sammanst\u00e4lld med st\u00f6rsta noggrannhet. Silage Safe kan dock inte garantera att informationen \u00e4r korrekt eller fullst\u00e4ndig. Inga r\u00e4ttigheter kan h\u00e4rledas fr\u00e5n den information som tillhandah\u00e5lls. Silage Safe tar inget ansvar f\u00f6r eventuella felaktigheter eller utel\u00e4mnanden p\u00e5 den h\u00e4r webbplatsen.<\/p><p>Webbplatsen inneh\u00e5ller l\u00e4nkar till externa webbplatser. Silage Safe ansvarar inte f\u00f6r inneh\u00e5llet p\u00e5 dessa externa webbplatser.<\/p><p>Silage Safe innehar alla immateriella r\u00e4ttigheter och licenser f\u00f6r allt som publiceras p\u00e5 webbplatsen. Inget inneh\u00e5ll p\u00e5 den h\u00e4r webbplatsen f\u00e5r reproduceras, lagras i en automatiserad databas eller offentligg\u00f6ras i n\u00e5gon form eller p\u00e5 n\u00e5got s\u00e4tt, varken elektroniskt, mekaniskt, genom fotokopiering eller inspelning eller p\u00e5 annat s\u00e4tt.<\/p><p>H\u00f6r g\u00e4rna av dig till oss via e-post om du st\u00f6ter p\u00e5 information p\u00e5 den h\u00e4r webbplatsen som du tycker \u00e4r felaktig eller ofullst\u00e4ndig.<\/p><p>Den h\u00e4r ansvarsfriskrivningen kan komma att \u00e4ndras av Silage Safe. (Datum f\u00f6r senaste \u00e4ndring<span style=\"color: var( --e-global-color-primary ); font-family: var( --e-global-typography-b2ce6af-font-family ), Sans-serif; font-size: var( --e-global-typography-b2ce6af-font-size ); font-style: var( --e-global-typography-b2ce6af-font-style ); font-weight: var( --e-global-typography-b2ce6af-font-weight ); letter-spacing: var( --e-global-typography-b2ce6af-letter-spacing ); text-transform: var( --e-global-typography-b2ce6af-text-transform ); word-spacing: var( --e-global-typography-b2ce6af-word-spacing );\">: 29-02-2024)<\/span><\/p>\t\t\t\t\t\t\t\t<\/div>\n\t\t\t\t<\/div>\n\t\t\t\t\t<\/div>\n\t\t<\/div>\n\t\t\t\t\t<\/div>\n\t\t<\/section>\n\t\t\t\t<\/div>","protected":false},"excerpt":{"rendered":"<p>De op deze site verstrekte informatie wordt met grootste zorg en aandacht samengesteld. Toch kan Silage Safe niet instaan voor de juistheid of volledigheid van de informatie. Aan de verstrekte informatie kunnen geen rechten worden ontleend. Voor onjuistheden of onvolledigheden op deze site aanvaardt Silage Safe geen enkele aansprakelijkheid. Op deze site staan links naar [&hellip;]<\/p>\n","protected":false},"author":1,"featured_media":0,"parent":0,"menu_order":0,"comment_status":"closed","ping_status":"closed","template":"elementor_header_footer","meta":{"_joinchat":[],"footnotes":""},"class_list":["post-4649","page","type-page","status-publish","hentry"],"yoast_head":"<!-- This site is optimized with the Yoast SEO plugin v27.3 - https:\/\/yoast.com\/product\/yoast-seo-wordpress\/ -->\n<title>Disclaimer - Silage Safe<\/title>\n<meta name=\"robots\" content=\"index, follow, max-snippet:-1, max-image-preview:large, max-video-preview:-1\" \/>\n<link rel=\"canonical\" href=\"https:\/\/silagesafe.nl\/sv\/disclaimer\/\" \/>\n<meta property=\"og:locale\" content=\"sv_SE\" \/>\n<meta property=\"og:type\" content=\"article\" \/>\n<meta property=\"og:title\" content=\"Disclaimer - Silage Safe\" \/>\n<meta property=\"og:description\" content=\"De op deze site verstrekte informatie wordt met grootste zorg en aandacht samengesteld. Toch kan Silage Safe niet instaan voor de juistheid of volledigheid van de informatie. Aan de verstrekte informatie kunnen geen rechten worden ontleend. Voor onjuistheden of onvolledigheden op deze site aanvaardt Silage Safe geen enkele aansprakelijkheid. Op deze site staan links naar [&hellip;]\" \/>\n<meta property=\"og:url\" content=\"https:\/\/silagesafe.nl\/sv\/disclaimer\/\" \/>\n<meta property=\"og:site_name\" content=\"Silage Safe\" \/>\n<meta property=\"article:modified_time\" content=\"2024-07-03T10:47:34+00:00\" \/>\n<meta name=\"twitter:card\" content=\"summary_large_image\" \/>\n<meta name=\"twitter:label1\" content=\"Ber\u00e4knad l\u00e4stid\" \/>\n\t<meta name=\"twitter:data1\" content=\"5 minutes\" \/>\n<script type=\"application\/ld+json\" class=\"yoast-schema-graph\">{\"@context\":\"https:\\\/\\\/schema.org\",\"@graph\":[{\"@type\":\"WebPage\",\"@id\":\"https:\\\/\\\/silagesafe.nl\\\/disclaimer\\\/\",\"url\":\"https:\\\/\\\/silagesafe.nl\\\/disclaimer\\\/\",\"name\":\"Disclaimer - Silage Safe\",\"isPartOf\":{\"@id\":\"https:\\\/\\\/silagesafe.nl\\\/#website\"},\"datePublished\":\"2024-02-29T11:39:09+00:00\",\"dateModified\":\"2024-07-03T10:47:34+00:00\",\"breadcrumb\":{\"@id\":\"https:\\\/\\\/silagesafe.nl\\\/disclaimer\\\/#breadcrumb\"},\"inLanguage\":\"sv-SE\",\"potentialAction\":[{\"@type\":\"ReadAction\",\"target\":[\"https:\\\/\\\/silagesafe.nl\\\/disclaimer\\\/\"]}]},{\"@type\":\"BreadcrumbList\",\"@id\":\"https:\\\/\\\/silagesafe.nl\\\/disclaimer\\\/#breadcrumb\",\"itemListElement\":[{\"@type\":\"ListItem\",\"position\":1,\"name\":\"Home\",\"item\":\"https:\\\/\\\/silagesafe.nl\\\/\"},{\"@type\":\"ListItem\",\"position\":2,\"name\":\"Disclaimer\"}]},{\"@type\":\"WebSite\",\"@id\":\"https:\\\/\\\/silagesafe.nl\\\/#website\",\"url\":\"https:\\\/\\\/silagesafe.nl\\\/\",\"name\":\"Silage Safe\",\"description\":\"Afdeksysteem voor ruwvoer\",\"potentialAction\":[{\"@type\":\"SearchAction\",\"target\":{\"@type\":\"EntryPoint\",\"urlTemplate\":\"https:\\\/\\\/silagesafe.nl\\\/?s={search_term_string}\"},\"query-input\":{\"@type\":\"PropertyValueSpecification\",\"valueRequired\":true,\"valueName\":\"search_term_string\"}}],\"inLanguage\":\"sv-SE\"}]}<\/script>\n<!-- \/ Yoast SEO plugin. -->","yoast_head_json":{"title":"Disclaimer - Silage Safe","robots":{"index":"index","follow":"follow","max-snippet":"max-snippet:-1","max-image-preview":"max-image-preview:large","max-video-preview":"max-video-preview:-1"},"canonical":"https:\/\/silagesafe.nl\/sv\/disclaimer\/","og_locale":"sv_SE","og_type":"article","og_title":"Disclaimer - Silage Safe","og_description":"De op deze site verstrekte informatie wordt met grootste zorg en aandacht samengesteld. Toch kan Silage Safe niet instaan voor de juistheid of volledigheid van de informatie. Aan de verstrekte informatie kunnen geen rechten worden ontleend. Voor onjuistheden of onvolledigheden op deze site aanvaardt Silage Safe geen enkele aansprakelijkheid. Op deze site staan links naar [&hellip;]","og_url":"https:\/\/silagesafe.nl\/sv\/disclaimer\/","og_site_name":"Silage Safe","article_modified_time":"2024-07-03T10:47:34+00:00","twitter_card":"summary_large_image","twitter_misc":{"Ber\u00e4knad l\u00e4stid":"5 minutes"},"schema":{"@context":"https:\/\/schema.org","@graph":[{"@type":"WebPage","@id":"https:\/\/silagesafe.nl\/disclaimer\/","url":"https:\/\/silagesafe.nl\/disclaimer\/","name":"Disclaimer - Silage Safe","isPartOf":{"@id":"https:\/\/silagesafe.nl\/#website"},"datePublished":"2024-02-29T11:39:09+00:00","dateModified":"2024-07-03T10:47:34+00:00","breadcrumb":{"@id":"https:\/\/silagesafe.nl\/disclaimer\/#breadcrumb"},"inLanguage":"sv-SE","potentialAction":[{"@type":"ReadAction","target":["https:\/\/silagesafe.nl\/disclaimer\/"]}]},{"@type":"BreadcrumbList","@id":"https:\/\/silagesafe.nl\/disclaimer\/#breadcrumb","itemListElement":[{"@type":"ListItem","position":1,"name":"Home","item":"https:\/\/silagesafe.nl\/"},{"@type":"ListItem","position":2,"name":"Disclaimer"}]},{"@type":"WebSite","@id":"https:\/\/silagesafe.nl\/#website","url":"https:\/\/silagesafe.nl\/","name":"Silage Safe","description":"Afdeksysteem voor ruwvoer","potentialAction":[{"@type":"SearchAction","target":{"@type":"EntryPoint","urlTemplate":"https:\/\/silagesafe.nl\/?s={search_term_string}"},"query-input":{"@type":"PropertyValueSpecification","valueRequired":true,"valueName":"search_term_string"}}],"inLanguage":"sv-SE"}]}},"_links":{"self":[{"href":"https:\/\/silagesafe.nl\/sv\/wp-json\/wp\/v2\/pages\/4649","targetHints":{"allow":["GET"]}}],"collection":[{"href":"https:\/\/silagesafe.nl\/sv\/wp-json\/wp\/v2\/pages"}],"about":[{"href":"https:\/\/silagesafe.nl\/sv\/wp-json\/wp\/v2\/types\/page"}],"author":[{"embeddable":true,"href":"https:\/\/silagesafe.nl\/sv\/wp-json\/wp\/v2\/users\/1"}],"replies":[{"embeddable":true,"href":"https:\/\/silagesafe.nl\/sv\/wp-json\/wp\/v2\/comments?post=4649"}],"version-history":[{"count":0,"href":"https:\/\/silagesafe.nl\/sv\/wp-json\/wp\/v2\/pages\/4649\/revisions"}],"wp:attachment":[{"href":"https:\/\/silagesafe.nl\/sv\/wp-json\/wp\/v2\/media?parent=4649"}],"curies":[{"name":"wp","href":"https:\/\/api.w.org\/{rel}","templated":true}]}}