{"id":4649,"date":"2024-02-29T12:39:09","date_gmt":"2024-02-29T11:39:09","guid":{"rendered":"https:\/\/silagesafe.nl\/?page_id=4649"},"modified":"2024-07-03T12:47:34","modified_gmt":"2024-07-03T10:47:34","slug":"disclaimer","status":"publish","type":"page","link":"https:\/\/silagesafe.nl\/fr\/disclaimer\/","title":{"rendered":"Clause de non-responsabilit\u00e9"},"content":{"rendered":"<div data-elementor-type=\"wp-page\" data-elementor-id=\"4649\" class=\"elementor elementor-4649\" data-elementor-post-type=\"page\">\n\t\t\t\t\t\t<section class=\"elementor-section elementor-top-section elementor-element elementor-element-25159b1 elementor-section-boxed elementor-section-height-default elementor-section-height-default\" data-id=\"25159b1\" data-element_type=\"section\" data-e-type=\"section\" data-no-translation=\"\">\n\t\t\t\t\t\t<div class=\"elementor-container elementor-column-gap-default\">\n\t\t\t\t\t<div class=\"elementor-column elementor-col-100 elementor-top-column elementor-element elementor-element-75148e3\" data-id=\"75148e3\" data-element_type=\"column\" data-e-type=\"column\">\n\t\t\t<div class=\"elementor-widget-wrap elementor-element-populated\">\n\t\t\t\t\t\t<div class=\"elementor-element elementor-element-b4e3967 elementor-widget elementor-widget-text-editor\" data-id=\"b4e3967\" data-element_type=\"widget\" data-e-type=\"widget\" data-widget_type=\"text-editor.default\">\n\t\t\t\t<div class=\"elementor-widget-container\">\n\t\t\t\t\t\t\t\t\t<p>Les informations donn\u00e9es sur ce site ont \u00e9t\u00e9 compos\u00e9es avec soin et attention. Cependant, Silage Safe n&#8217;assume aucune responsabilit\u00e9 quant \u00e0 l&#8217;exactitude ou \u00e0 l&#8217;exhaustivit\u00e9 des informations. Les informations donn\u00e9es n\u2019ouvrent aucun droit. Silage Safe n&#8217;assume aucune responsabilit\u00e9 pour des informations incorrectes ou incompl\u00e8tes sur ce site.<\/p><p>Ce site contient des liens vers des sites Web externes. Silage Safe n&#8217;assume aucune responsabilit\u00e9 pour le contenu de ces sites Web.<\/p><p>Silage Safe d\u00e9tient tous les droits de propri\u00e9t\u00e9 intellectuelle et toutes les licences pour ces droits de toutes les publications sur le site Web. Aucune partie de ce site Web ne peut \u00eatre reproduite, stock\u00e9e dans une base de donn\u00e9es automatis\u00e9e, ou rendue publique, sous quelque forme ou mani\u00e8re que ce soit, qu&#8217;elle soit \u00e9lectronique, m\u00e9canique, par photocopie, enregistrement ou autre.<\/p><p>N&#8217;h\u00e9sitez pas \u00e0 nous contacter si vous trouvez sur ce site Web des informations que vous estimez incorrectes ou incompl\u00e8tes. Dites-le nous en envoyant un e-mail.<\/p><p>La pr\u00e9sente clause de non-responsabilit\u00e9 peut \u00eatre modifi\u00e9e par Silage Safe. (Date derni\u00e8re modification<span style=\"color: var( --e-global-color-primary ); font-family: var( --e-global-typography-b2ce6af-font-family ), Sans-serif; font-size: var( --e-global-typography-b2ce6af-font-size ); font-style: var( --e-global-typography-b2ce6af-font-style ); font-weight: var( --e-global-typography-b2ce6af-font-weight ); letter-spacing: var( --e-global-typography-b2ce6af-letter-spacing ); text-transform: var( --e-global-typography-b2ce6af-text-transform ); word-spacing: var( --e-global-typography-b2ce6af-word-spacing );\">: 29-02-2024)<\/span><\/p>\t\t\t\t\t\t\t\t<\/div>\n\t\t\t\t<\/div>\n\t\t\t\t\t<\/div>\n\t\t<\/div>\n\t\t\t\t\t<\/div>\n\t\t<\/section>\n\t\t\t\t<\/div>","protected":false},"excerpt":{"rendered":"<p>De op deze site verstrekte informatie wordt met grootste zorg en aandacht samengesteld. Toch kan Silage Safe niet instaan voor de juistheid of volledigheid van de informatie. Aan de verstrekte informatie kunnen geen rechten worden ontleend. Voor onjuistheden of onvolledigheden op deze site aanvaardt Silage Safe geen enkele aansprakelijkheid. Op deze site staan links naar [&hellip;]<\/p>\n","protected":false},"author":1,"featured_media":0,"parent":0,"menu_order":0,"comment_status":"closed","ping_status":"closed","template":"elementor_header_footer","meta":{"_joinchat":[],"footnotes":""},"class_list":["post-4649","page","type-page","status-publish","hentry"],"yoast_head":"<!-- This site is optimized with the Yoast SEO plugin v27.4 - https:\/\/yoast.com\/product\/yoast-seo-wordpress\/ -->\n<title>Disclaimer - Silage Safe<\/title>\n<meta name=\"robots\" content=\"index, follow, max-snippet:-1, max-image-preview:large, max-video-preview:-1\" \/>\n<link rel=\"canonical\" href=\"https:\/\/silagesafe.nl\/fr\/disclaimer\/\" \/>\n<meta property=\"og:locale\" content=\"fr_FR\" \/>\n<meta property=\"og:type\" content=\"article\" \/>\n<meta property=\"og:title\" content=\"Disclaimer - Silage Safe\" \/>\n<meta property=\"og:description\" content=\"De op deze site verstrekte informatie wordt met grootste zorg en aandacht samengesteld. Toch kan Silage Safe niet instaan voor de juistheid of volledigheid van de informatie. Aan de verstrekte informatie kunnen geen rechten worden ontleend. Voor onjuistheden of onvolledigheden op deze site aanvaardt Silage Safe geen enkele aansprakelijkheid. Op deze site staan links naar [&hellip;]\" \/>\n<meta property=\"og:url\" content=\"https:\/\/silagesafe.nl\/fr\/disclaimer\/\" \/>\n<meta property=\"og:site_name\" content=\"Silage Safe\" \/>\n<meta property=\"article:modified_time\" content=\"2024-07-03T10:47:34+00:00\" \/>\n<meta name=\"twitter:card\" content=\"summary_large_image\" \/>\n<meta name=\"twitter:label1\" content=\"Dur\u00e9e de lecture estim\u00e9e\" \/>\n\t<meta name=\"twitter:data1\" content=\"5 minutes\" \/>\n<script type=\"application\/ld+json\" class=\"yoast-schema-graph\">{\"@context\":\"https:\\\/\\\/schema.org\",\"@graph\":[{\"@type\":\"WebPage\",\"@id\":\"https:\\\/\\\/silagesafe.nl\\\/disclaimer\\\/\",\"url\":\"https:\\\/\\\/silagesafe.nl\\\/disclaimer\\\/\",\"name\":\"Disclaimer - Silage Safe\",\"isPartOf\":{\"@id\":\"https:\\\/\\\/silagesafe.nl\\\/#website\"},\"datePublished\":\"2024-02-29T11:39:09+00:00\",\"dateModified\":\"2024-07-03T10:47:34+00:00\",\"breadcrumb\":{\"@id\":\"https:\\\/\\\/silagesafe.nl\\\/disclaimer\\\/#breadcrumb\"},\"inLanguage\":\"fr-FR\",\"potentialAction\":[{\"@type\":\"ReadAction\",\"target\":[\"https:\\\/\\\/silagesafe.nl\\\/disclaimer\\\/\"]}]},{\"@type\":\"BreadcrumbList\",\"@id\":\"https:\\\/\\\/silagesafe.nl\\\/disclaimer\\\/#breadcrumb\",\"itemListElement\":[{\"@type\":\"ListItem\",\"position\":1,\"name\":\"Home\",\"item\":\"https:\\\/\\\/silagesafe.nl\\\/\"},{\"@type\":\"ListItem\",\"position\":2,\"name\":\"Disclaimer\"}]},{\"@type\":\"WebSite\",\"@id\":\"https:\\\/\\\/silagesafe.nl\\\/#website\",\"url\":\"https:\\\/\\\/silagesafe.nl\\\/\",\"name\":\"Silage Safe\",\"description\":\"Afdeksysteem voor ruwvoer\",\"potentialAction\":[{\"@type\":\"SearchAction\",\"target\":{\"@type\":\"EntryPoint\",\"urlTemplate\":\"https:\\\/\\\/silagesafe.nl\\\/?s={search_term_string}\"},\"query-input\":{\"@type\":\"PropertyValueSpecification\",\"valueRequired\":true,\"valueName\":\"search_term_string\"}}],\"inLanguage\":\"fr-FR\"}]}<\/script>\n<!-- \/ Yoast SEO plugin. -->","yoast_head_json":{"title":"Disclaimer - Silage Safe","robots":{"index":"index","follow":"follow","max-snippet":"max-snippet:-1","max-image-preview":"max-image-preview:large","max-video-preview":"max-video-preview:-1"},"canonical":"https:\/\/silagesafe.nl\/fr\/disclaimer\/","og_locale":"fr_FR","og_type":"article","og_title":"Disclaimer - Silage Safe","og_description":"De op deze site verstrekte informatie wordt met grootste zorg en aandacht samengesteld. Toch kan Silage Safe niet instaan voor de juistheid of volledigheid van de informatie. Aan de verstrekte informatie kunnen geen rechten worden ontleend. Voor onjuistheden of onvolledigheden op deze site aanvaardt Silage Safe geen enkele aansprakelijkheid. Op deze site staan links naar [&hellip;]","og_url":"https:\/\/silagesafe.nl\/fr\/disclaimer\/","og_site_name":"Silage Safe","article_modified_time":"2024-07-03T10:47:34+00:00","twitter_card":"summary_large_image","twitter_misc":{"Dur\u00e9e de lecture estim\u00e9e":"5 minutes"},"schema":{"@context":"https:\/\/schema.org","@graph":[{"@type":"WebPage","@id":"https:\/\/silagesafe.nl\/disclaimer\/","url":"https:\/\/silagesafe.nl\/disclaimer\/","name":"Disclaimer - Silage Safe","isPartOf":{"@id":"https:\/\/silagesafe.nl\/#website"},"datePublished":"2024-02-29T11:39:09+00:00","dateModified":"2024-07-03T10:47:34+00:00","breadcrumb":{"@id":"https:\/\/silagesafe.nl\/disclaimer\/#breadcrumb"},"inLanguage":"fr-FR","potentialAction":[{"@type":"ReadAction","target":["https:\/\/silagesafe.nl\/disclaimer\/"]}]},{"@type":"BreadcrumbList","@id":"https:\/\/silagesafe.nl\/disclaimer\/#breadcrumb","itemListElement":[{"@type":"ListItem","position":1,"name":"Home","item":"https:\/\/silagesafe.nl\/"},{"@type":"ListItem","position":2,"name":"Disclaimer"}]},{"@type":"WebSite","@id":"https:\/\/silagesafe.nl\/#website","url":"https:\/\/silagesafe.nl\/","name":"Silage Safe","description":"Afdeksysteem voor ruwvoer","potentialAction":[{"@type":"SearchAction","target":{"@type":"EntryPoint","urlTemplate":"https:\/\/silagesafe.nl\/?s={search_term_string}"},"query-input":{"@type":"PropertyValueSpecification","valueRequired":true,"valueName":"search_term_string"}}],"inLanguage":"fr-FR"}]}},"_links":{"self":[{"href":"https:\/\/silagesafe.nl\/fr\/wp-json\/wp\/v2\/pages\/4649","targetHints":{"allow":["GET"]}}],"collection":[{"href":"https:\/\/silagesafe.nl\/fr\/wp-json\/wp\/v2\/pages"}],"about":[{"href":"https:\/\/silagesafe.nl\/fr\/wp-json\/wp\/v2\/types\/page"}],"author":[{"embeddable":true,"href":"https:\/\/silagesafe.nl\/fr\/wp-json\/wp\/v2\/users\/1"}],"replies":[{"embeddable":true,"href":"https:\/\/silagesafe.nl\/fr\/wp-json\/wp\/v2\/comments?post=4649"}],"version-history":[{"count":0,"href":"https:\/\/silagesafe.nl\/fr\/wp-json\/wp\/v2\/pages\/4649\/revisions"}],"wp:attachment":[{"href":"https:\/\/silagesafe.nl\/fr\/wp-json\/wp\/v2\/media?parent=4649"}],"curies":[{"name":"wp","href":"https:\/\/api.w.org\/{rel}","templated":true}]}}