{"id":3877,"date":"2024-01-22T14:07:15","date_gmt":"2024-01-22T13:07:15","guid":{"rendered":"https:\/\/silagesafe.nl\/?page_id=3877"},"modified":"2024-01-22T14:15:44","modified_gmt":"2024-01-22T13:15:44","slug":"handleiding","status":"publish","type":"page","link":"https:\/\/silagesafe.nl\/fr\/handleiding\/","title":{"rendered":"Handleiding"},"content":{"rendered":"<div data-elementor-type=\"wp-page\" data-elementor-id=\"3877\" class=\"elementor elementor-3877\" data-elementor-post-type=\"page\">\n\t\t\t\t\t\t<section class=\"elementor-section elementor-top-section elementor-element elementor-element-23f4838 elementor-section-boxed elementor-section-height-default elementor-section-height-default\" data-id=\"23f4838\" data-element_type=\"section\" data-e-type=\"section\">\n\t\t\t\t\t\t<div class=\"elementor-container elementor-column-gap-default\">\n\t\t\t\t\t<div class=\"elementor-column elementor-col-100 elementor-top-column elementor-element elementor-element-b208c01\" data-id=\"b208c01\" data-element_type=\"column\" data-e-type=\"column\">\n\t\t\t<div class=\"elementor-widget-wrap elementor-element-populated\">\n\t\t\t\t\t\t<div class=\"elementor-element elementor-element-9fca6d8 elementor-widget elementor-widget-shortcode\" data-id=\"9fca6d8\" data-element_type=\"widget\" data-e-type=\"widget\" data-widget_type=\"shortcode.default\">\n\t\t\t\t<div class=\"elementor-widget-container\">\n\t\t\t\t\t\t\t<div class=\"elementor-shortcode\"><div class=\"_df_book df-lite\" id=\"df_3871\"  _slug=\"handleiding\" data-title=\"handleiding\" wpoptions=\"true\" thumbtype=\"\" ><\/div><script class=\"df-shortcode-script\" nowprocket type=\"application\/javascript\">window.option_df_3871 = {\"outline\":[],\"autoEnableOutline\":\"false\",\"autoEnableThumbnail\":\"false\",\"overwritePDFOutline\":\"false\",\"direction\":\"1\",\"pageSize\":\"0\",\"source\":\"https:\\\/\\\/silagesafe.nl\\\/wp-content\\\/uploads\\\/2024\\\/01\\\/SiSa-handleiding-NL.pdf\",\"wpOptions\":\"true\"}; if(window.DFLIP && window.DFLIP.parseBooks){window.DFLIP.parseBooks();}<\/script><\/div>\n\t\t\t\t\t\t<\/div>\n\t\t\t\t<\/div>\n\t\t\t\t\t<\/div>\n\t\t<\/div>\n\t\t\t\t\t<\/div>\n\t\t<\/section>\n\t\t\t\t<section class=\"elementor-section elementor-top-section elementor-element elementor-element-5be9250 elementor-section-boxed elementor-section-height-default elementor-section-height-default\" data-id=\"5be9250\" data-element_type=\"section\" data-e-type=\"section\" data-settings=\"{&quot;background_background&quot;:&quot;classic&quot;}\">\n\t\t\t\t\t\t\t<div class=\"elementor-background-overlay\"><\/div>\n\t\t\t\t\t\t\t<div class=\"elementor-container elementor-column-gap-default\">\n\t\t\t\t\t<div class=\"elementor-column elementor-col-100 elementor-top-column elementor-element elementor-element-0e77178 elementor-invisible\" data-id=\"0e77178\" data-element_type=\"column\" data-e-type=\"column\" data-settings=\"{&quot;animation&quot;:&quot;fadeInUp&quot;}\">\n\t\t\t<div class=\"elementor-widget-wrap elementor-element-populated\">\n\t\t\t\t\t\t<div class=\"elementor-element elementor-element-0d98d67 elementor-widget elementor-widget-heading\" data-id=\"0d98d67\" data-element_type=\"widget\" data-e-type=\"widget\" data-widget_type=\"heading.default\">\n\t\t\t\t<div class=\"elementor-widget-container\">\n\t\t\t\t\t<h2 class=\"elementor-heading-title elementor-size-default\">Benieuwd naar wat anderen van het systeem vinden?<\/h2>\t\t\t\t<\/div>\n\t\t\t\t<\/div>\n\t\t\t\t<div class=\"elementor-element elementor-element-83a66cd elementor-align-center elementor-widget elementor-widget-button\" data-id=\"83a66cd\" data-element_type=\"widget\" data-e-type=\"widget\" data-widget_type=\"button.default\">\n\t\t\t\t<div class=\"elementor-widget-container\">\n\t\t\t\t\t\t\t\t\t<div class=\"elementor-button-wrapper\">\n\t\t\t\t\t<a class=\"elementor-button elementor-button-link elementor-size-md\" href=\"\/fr\/referenties\/\">\n\t\t\t\t\t\t<span class=\"elementor-button-content-wrapper\">\n\t\t\t\t\t\t\t\t\t<span class=\"elementor-button-text\">D\u00e9couvrez les r\u00e9f\u00e9rences<\/span>\n\t\t\t\t\t<\/span>\n\t\t\t\t\t<\/a>\n\t\t\t\t<\/div>\n\t\t\t\t\t\t\t\t<\/div>\n\t\t\t\t<\/div>\n\t\t\t\t\t<\/div>\n\t\t<\/div>\n\t\t\t\t\t<\/div>\n\t\t<\/section>\n\t\t\t\t<\/div>","protected":false},"excerpt":{"rendered":"<p>Benieuwd naar wat anderen van het systeem vinden? Bekijk referenties<\/p>","protected":false},"author":1,"featured_media":0,"parent":0,"menu_order":0,"comment_status":"closed","ping_status":"closed","template":"elementor_header_footer","meta":{"_joinchat":[],"footnotes":""},"class_list":["post-3877","page","type-page","status-publish","hentry"],"yoast_head":"<!-- This site is optimized with the Yoast SEO plugin v27.2 - https:\/\/yoast.com\/product\/yoast-seo-wordpress\/ -->\n<title>Handleiding - Silage Safe<\/title>\n<meta name=\"robots\" content=\"index, follow, max-snippet:-1, max-image-preview:large, max-video-preview:-1\" \/>\n<link rel=\"canonical\" href=\"https:\/\/silagesafe.nl\/fr\/handleiding\/\" \/>\n<meta property=\"og:locale\" content=\"fr_FR\" \/>\n<meta property=\"og:type\" content=\"article\" \/>\n<meta property=\"og:title\" content=\"Handleiding - Silage Safe\" \/>\n<meta property=\"og:description\" content=\"Benieuwd naar wat anderen van het systeem vinden? Bekijk referenties\" \/>\n<meta property=\"og:url\" content=\"https:\/\/silagesafe.nl\/fr\/handleiding\/\" \/>\n<meta property=\"og:site_name\" content=\"Silage Safe\" \/>\n<meta property=\"article:modified_time\" content=\"2024-01-22T13:15:44+00:00\" \/>\n<meta name=\"twitter:card\" content=\"summary_large_image\" \/>\n<meta name=\"twitter:label1\" content=\"Dur\u00e9e de lecture estim\u00e9e\" \/>\n\t<meta name=\"twitter:data1\" content=\"1 minute\" \/>\n<script type=\"application\/ld+json\" class=\"yoast-schema-graph\">{\"@context\":\"https:\/\/schema.org\",\"@graph\":[{\"@type\":\"WebPage\",\"@id\":\"https:\/\/silagesafe.nl\/handleiding\/\",\"url\":\"https:\/\/silagesafe.nl\/handleiding\/\",\"name\":\"Handleiding - Silage Safe\",\"isPartOf\":{\"@id\":\"https:\/\/silagesafe.nl\/#website\"},\"datePublished\":\"2024-01-22T13:07:15+00:00\",\"dateModified\":\"2024-01-22T13:15:44+00:00\",\"breadcrumb\":{\"@id\":\"https:\/\/silagesafe.nl\/handleiding\/#breadcrumb\"},\"inLanguage\":\"fr-FR\",\"potentialAction\":[{\"@type\":\"ReadAction\",\"target\":[\"https:\/\/silagesafe.nl\/handleiding\/\"]}]},{\"@type\":\"BreadcrumbList\",\"@id\":\"https:\/\/silagesafe.nl\/handleiding\/#breadcrumb\",\"itemListElement\":[{\"@type\":\"ListItem\",\"position\":1,\"name\":\"Home\",\"item\":\"https:\/\/silagesafe.nl\/\"},{\"@type\":\"ListItem\",\"position\":2,\"name\":\"Handleiding\"}]},{\"@type\":\"WebSite\",\"@id\":\"https:\/\/silagesafe.nl\/#website\",\"url\":\"https:\/\/silagesafe.nl\/\",\"name\":\"Silage Safe\",\"description\":\"Afdeksysteem voor ruwvoer\",\"potentialAction\":[{\"@type\":\"SearchAction\",\"target\":{\"@type\":\"EntryPoint\",\"urlTemplate\":\"https:\/\/silagesafe.nl\/?s={search_term_string}\"},\"query-input\":{\"@type\":\"PropertyValueSpecification\",\"valueRequired\":true,\"valueName\":\"search_term_string\"}}],\"inLanguage\":\"fr-FR\"}]}<\/script>\n<!-- \/ Yoast SEO plugin. -->","yoast_head_json":{"title":"Handleiding - Silage Safe","robots":{"index":"index","follow":"follow","max-snippet":"max-snippet:-1","max-image-preview":"max-image-preview:large","max-video-preview":"max-video-preview:-1"},"canonical":"https:\/\/silagesafe.nl\/fr\/handleiding\/","og_locale":"fr_FR","og_type":"article","og_title":"Handleiding - Silage Safe","og_description":"Benieuwd naar wat anderen van het systeem vinden? Bekijk referenties","og_url":"https:\/\/silagesafe.nl\/fr\/handleiding\/","og_site_name":"Silage Safe","article_modified_time":"2024-01-22T13:15:44+00:00","twitter_card":"summary_large_image","twitter_misc":{"Dur\u00e9e de lecture estim\u00e9e":"1 minute"},"schema":{"@context":"https:\/\/schema.org","@graph":[{"@type":"WebPage","@id":"https:\/\/silagesafe.nl\/handleiding\/","url":"https:\/\/silagesafe.nl\/handleiding\/","name":"Handleiding - Silage Safe","isPartOf":{"@id":"https:\/\/silagesafe.nl\/#website"},"datePublished":"2024-01-22T13:07:15+00:00","dateModified":"2024-01-22T13:15:44+00:00","breadcrumb":{"@id":"https:\/\/silagesafe.nl\/handleiding\/#breadcrumb"},"inLanguage":"fr-FR","potentialAction":[{"@type":"ReadAction","target":["https:\/\/silagesafe.nl\/handleiding\/"]}]},{"@type":"BreadcrumbList","@id":"https:\/\/silagesafe.nl\/handleiding\/#breadcrumb","itemListElement":[{"@type":"ListItem","position":1,"name":"Home","item":"https:\/\/silagesafe.nl\/"},{"@type":"ListItem","position":2,"name":"Handleiding"}]},{"@type":"WebSite","@id":"https:\/\/silagesafe.nl\/#website","url":"https:\/\/silagesafe.nl\/","name":"Silage Safe","description":"Afdeksysteem voor ruwvoer","potentialAction":[{"@type":"SearchAction","target":{"@type":"EntryPoint","urlTemplate":"https:\/\/silagesafe.nl\/?s={search_term_string}"},"query-input":{"@type":"PropertyValueSpecification","valueRequired":true,"valueName":"search_term_string"}}],"inLanguage":"fr-FR"}]}},"_links":{"self":[{"href":"https:\/\/silagesafe.nl\/fr\/wp-json\/wp\/v2\/pages\/3877","targetHints":{"allow":["GET"]}}],"collection":[{"href":"https:\/\/silagesafe.nl\/fr\/wp-json\/wp\/v2\/pages"}],"about":[{"href":"https:\/\/silagesafe.nl\/fr\/wp-json\/wp\/v2\/types\/page"}],"author":[{"embeddable":true,"href":"https:\/\/silagesafe.nl\/fr\/wp-json\/wp\/v2\/users\/1"}],"replies":[{"embeddable":true,"href":"https:\/\/silagesafe.nl\/fr\/wp-json\/wp\/v2\/comments?post=3877"}],"version-history":[{"count":0,"href":"https:\/\/silagesafe.nl\/fr\/wp-json\/wp\/v2\/pages\/3877\/revisions"}],"wp:attachment":[{"href":"https:\/\/silagesafe.nl\/fr\/wp-json\/wp\/v2\/media?parent=3877"}],"curies":[{"name":"wp","href":"https:\/\/api.w.org\/{rel}","templated":true}]}}