{"id":2205,"date":"2023-04-05T01:58:39","date_gmt":"2023-04-04T23:58:39","guid":{"rendered":"https:\/\/silagesafe.nl\/?page_id=2205"},"modified":"2024-03-20T14:24:38","modified_gmt":"2024-03-20T13:24:38","slug":"bederf-kuilvoer-voorkomen","status":"publish","type":"page","link":"https:\/\/silagesafe.nl\/de\/bederf-kuilvoer-voorkomen\/","title":{"rendered":"Bederf van kuilvoer voorkomen"},"content":{"rendered":"<div data-elementor-type=\"wp-page\" data-elementor-id=\"2205\" class=\"elementor elementor-2205\" data-elementor-post-type=\"page\">\n\t\t\t\t\t\t<section class=\"elementor-section elementor-top-section elementor-element elementor-element-e07f2a7 elementor-section-boxed elementor-section-height-default elementor-section-height-default\" data-id=\"e07f2a7\" data-element_type=\"section\" data-e-type=\"section\">\n\t\t\t\t\t\t<div class=\"elementor-container elementor-column-gap-default\">\n\t\t\t\t\t<div class=\"elementor-column elementor-col-100 elementor-top-column elementor-element elementor-element-0f14f75\" data-id=\"0f14f75\" data-element_type=\"column\" data-e-type=\"column\">\n\t\t\t<div class=\"elementor-widget-wrap elementor-element-populated\">\n\t\t\t\t\t\t<div class=\"elementor-element elementor-element-712bc41 elementor-widget elementor-widget-text-editor\" data-id=\"712bc41\" data-element_type=\"widget\" data-e-type=\"widget\" data-widget_type=\"text-editor.default\">\n\t\t\t\t<div class=\"elementor-widget-container\">\n\t\t\t\t\t\t\t\t\t<p><strong>Kuilvoer is een van de belangrijkste voedingsbronnen voor vee. Het is een voedingsmiddel van geconserveerd gras, ma\u00efs en andere plantaardige bronnen die essenti\u00eble eiwitten, koolhydraten, vitamines en mineralen aan dieren kunnen leveren. Helaas kan kuilvoer vatbaar zijn voor bederf, wat kan leiden tot aanzienlijke verliezen aan voedingsstoffen, kwaliteit en zelfs het gehele gewas. Daarom is het van cruciaal belang om te begrijpen hoe bederf of &#8220;broei&#8221; in kuilvoer kan worden voorkomen en hoe u de nodige maatregelen kan nemen om het te beschermen. Dit artikel gaat in op de oorzaken van bederf in kuilvoer, de stappen die kunnen worden genomen om dit te voorkomen en de voordelen van het gebruik van Silage Safe om ervoor te zorgen dat uw kuilvoer vers en voedzaam blijft.<\/strong><\/p><h2>Wat is kuilvoer?<\/h2><p>Kuilvoer is een grondstof die wordt gemaakt door voedergewassen zoals gras, ma\u00efs en andere plantaardige bronnen te fermenteren. Het wordt gebruikt om vee te voeren, is zeer voedzaam en levert essenti\u00eble eiwitten, koolhydraten, vitamines en mineralen. Kuilvoer wordt vaak geproduceerd door de voedergewassen op te slaan in een silo waar het wordt gefermenteerd door van nature voorkomende bacteri\u00ebn en enzymen. Dit proces breekt de complexe koolhydraten in het voer af, waardoor ze beter verteerbaar worden voor vee.<\/p><h2>Wat veroorzaakt bederf van kuilvoer?<\/h2><p>Bederf van kuilvoer kan worden veroorzaakt door verschillende factoren, waaronder onjuiste opslag en behandeling van het voer, onvoldoende fermentatie en onvoldoende zuurstofuitsluiting. Onjuiste opslag en behandeling van het voer kan leiden tot de afbraak van de voedingsstoffen van het gewas en tot de groei van bacteri\u00ebn. Onvoldoende fermentatie kan ook leiden tot de groei van aerobe bacteri\u00ebn, omdat de bacteri\u00ebn niet worden geremd door de lage pH van het kuilvoer. Ten slotte kan onvoldoende zuurstofuitsluiting leiden tot de groei van aerobe bacteri\u00ebn, aangezien zuurstof nodig is voor de groei van deze micro-organismen.<\/p>\t\t\t\t\t\t\t\t<\/div>\n\t\t\t\t<\/div>\n\t\t\t\t\t<\/div>\n\t\t<\/div>\n\t\t\t\t\t<\/div>\n\t\t<\/section>\n\t\t\t\t<section class=\"elementor-section elementor-top-section elementor-element elementor-element-7337731 elementor-section-boxed elementor-section-height-default elementor-section-height-default\" data-id=\"7337731\" data-element_type=\"section\" data-e-type=\"section\" data-settings=\"{&quot;background_background&quot;:&quot;classic&quot;}\">\n\t\t\t\t\t\t<div class=\"elementor-container elementor-column-gap-default\">\n\t\t\t\t\t<div class=\"elementor-column elementor-col-100 elementor-top-column elementor-element elementor-element-83b665d\" data-id=\"83b665d\" data-element_type=\"column\" data-e-type=\"column\">\n\t\t\t<div class=\"elementor-widget-wrap elementor-element-populated\">\n\t\t\t\t\t\t<div class=\"elementor-element elementor-element-345fd02 elementor-widget elementor-widget-text-editor\" data-id=\"345fd02\" data-element_type=\"widget\" data-e-type=\"widget\" data-widget_type=\"text-editor.default\">\n\t\t\t\t<div class=\"elementor-widget-container\">\n\t\t\t\t\t\t\t\t\t<h2>Bederf van kuilvoer voorkomen<\/h2><p>\u00a0<\/p><p>Er zijn verschillende maatregelen die genomen kunnen worden om bederf van kuilvoer te voorkomen. Deze omvatten een goede opslag en behandeling van het voer, adequate fermentatie en zuurstofuitsluiting.<\/p><p>\u00a0<\/p><h2>Opslag en behandeling<\/h2><p>\u00a0<\/p><p>De eerste stap bij het voorkomen van bederf van kuilvoer is een juiste opslag en behandeling van het voer. Dit houdt onder meer in dat het voer op het juiste moment wordt geoogst en ingekuild, en dat het op een schone, droge en luchtdichte manier wordt bewaard.<\/p><p>\u00a0<\/p><h2>Fermentatie<\/h2><p>\u00a0<\/p><p>De volgende stap is ervoor te zorgen dat het voer voldoende vergist. Dit kan door een startercultuur aan het ruwvoer toe te voegen. Die helpt om het fermentatieproces te reguleren en ervoor te zorgen dat de pH van het kuilvoer op een optimaal niveau blijft, waardoor andere bacteri\u00ebn en schimmels geen kans krijgen.<\/p><p>\u00a0<\/p><h2>Zuurstof uitsluiting<\/h2><p>\u00a0<\/p><p>Tot slot is het belangrijk om ervoor te zorgen dat er geen zuurstof in de kuil komt. Dit kan door de silo goed af te dichten en het goed in te rijden. Het ontbreken van zuurstof zorgt er voor dat bacteri\u00ebn en schimmels geen kans hebben om te groeien. \u00a0<\/p><p>\u00a0<\/p><h2>Silage Safe: De oplossing voor afdekken van ruwvoer<\/h2><p>\u00a0<\/p><p>Silage Safe helpt het risico op bederf te verminderen, evenals het risico op schimmel- en bacteriegroei. Het afdeksysteem bestaat enkel uit geweven doeken, spanbanden en geperforeerde pvc- en stalen buizen. In tegenstelling tot andere afdeksystemen wordt er dus niet gebruik gemaakt van portalen op het ruwvoer of stellages die je met een shovel moet verzetten.<\/p><p>Met het Silage Safe afdeksysteem dek je het ruwvoer direct na het inkuilen snel, nauwkeurig en met een minimale fysieke inspanning luchtdicht af. Dit zorgt voor een optimale conservering en een hogere ruwvoerkwaliteit. Doordat je het ruwvoer eenvoudig kunt afdekken, kun je het gemakkelijker in lagen inkuilen. Hierdoor heb je een constante ruwvoerkwaliteit. Dit leidt tot een optimale ruwvoeropname door de koeien wat resulteert in een goede gezondheid van jouw koeien en een hogere productie.<\/p>\t\t\t\t\t\t\t\t<\/div>\n\t\t\t\t<\/div>\n\t\t\t\t\t<\/div>\n\t\t<\/div>\n\t\t\t\t\t<\/div>\n\t\t<\/section>\n\t\t\t\t<\/div>","protected":false},"excerpt":{"rendered":"<p>Kuilvoer is een van de belangrijkste voedingsbronnen voor vee. Het is een voedingsmiddel van geconserveerd gras, ma\u00efs en andere plantaardige bronnen die essenti\u00eble eiwitten, koolhydraten, vitamines en mineralen aan dieren kunnen leveren. Helaas kan kuilvoer vatbaar zijn voor bederf, wat kan leiden tot aanzienlijke verliezen aan voedingsstoffen, kwaliteit en zelfs het gehele gewas. Daarom is [&hellip;]<\/p>\n","protected":false},"author":1,"featured_media":0,"parent":0,"menu_order":0,"comment_status":"closed","ping_status":"closed","template":"elementor_header_footer","meta":{"_joinchat":[],"footnotes":""},"class_list":["post-2205","page","type-page","status-publish","hentry"],"yoast_head":"<!-- This site is optimized with the Yoast SEO plugin v27.3 - https:\/\/yoast.com\/product\/yoast-seo-wordpress\/ -->\n<title>Voorkom bederf van kuilvoer met het Silage Safe afdeksysteem<\/title>\n<meta name=\"description\" content=\"Met Silage Safe kun je bederf van kuilvoer voorkomen en je gewas optimaal beschermen tegen schade zoals water, broei, ongedierte en meer.\" \/>\n<meta name=\"robots\" content=\"index, follow, max-snippet:-1, max-image-preview:large, max-video-preview:-1\" \/>\n<link rel=\"canonical\" href=\"https:\/\/silagesafe.nl\/de\/bederf-kuilvoer-voorkomen\/\" \/>\n<meta property=\"og:locale\" content=\"de_DE\" \/>\n<meta property=\"og:type\" content=\"article\" \/>\n<meta property=\"og:title\" content=\"Voorkom bederf van kuilvoer met het Silage Safe afdeksysteem\" \/>\n<meta property=\"og:description\" content=\"Met Silage Safe kun je bederf van kuilvoer voorkomen en je gewas optimaal beschermen tegen schade zoals water, broei, ongedierte en meer.\" \/>\n<meta property=\"og:url\" content=\"https:\/\/silagesafe.nl\/de\/bederf-kuilvoer-voorkomen\/\" \/>\n<meta property=\"og:site_name\" content=\"Silage Safe\" \/>\n<meta property=\"article:modified_time\" content=\"2024-03-20T13:24:38+00:00\" \/>\n<meta name=\"twitter:card\" content=\"summary_large_image\" \/>\n<meta name=\"twitter:label1\" content=\"Gesch\u00e4tzte Lesezeit\" \/>\n\t<meta name=\"twitter:data1\" content=\"4\u00a0Minuten\" \/>\n<script type=\"application\/ld+json\" class=\"yoast-schema-graph\">{\"@context\":\"https:\\\/\\\/schema.org\",\"@graph\":[{\"@type\":\"WebPage\",\"@id\":\"https:\\\/\\\/silagesafe.nl\\\/de\\\/bederf-kuilvoer-voorkomen\\\/\",\"url\":\"https:\\\/\\\/silagesafe.nl\\\/de\\\/bederf-kuilvoer-voorkomen\\\/\",\"name\":\"Voorkom bederf van kuilvoer met het Silage Safe afdeksysteem\",\"isPartOf\":{\"@id\":\"https:\\\/\\\/silagesafe.nl\\\/#website\"},\"datePublished\":\"2023-04-04T23:58:39+00:00\",\"dateModified\":\"2024-03-20T13:24:38+00:00\",\"description\":\"Met Silage Safe kun je bederf van kuilvoer voorkomen en je gewas optimaal beschermen tegen schade zoals water, broei, ongedierte en meer.\",\"breadcrumb\":{\"@id\":\"https:\\\/\\\/silagesafe.nl\\\/de\\\/bederf-kuilvoer-voorkomen\\\/#breadcrumb\"},\"inLanguage\":\"de\",\"potentialAction\":[{\"@type\":\"ReadAction\",\"target\":[\"https:\\\/\\\/silagesafe.nl\\\/de\\\/bederf-kuilvoer-voorkomen\\\/\"]}]},{\"@type\":\"BreadcrumbList\",\"@id\":\"https:\\\/\\\/silagesafe.nl\\\/de\\\/bederf-kuilvoer-voorkomen\\\/#breadcrumb\",\"itemListElement\":[{\"@type\":\"ListItem\",\"position\":1,\"name\":\"Home\",\"item\":\"https:\\\/\\\/silagesafe.nl\\\/\"},{\"@type\":\"ListItem\",\"position\":2,\"name\":\"Bederf van kuilvoer voorkomen\"}]},{\"@type\":\"WebSite\",\"@id\":\"https:\\\/\\\/silagesafe.nl\\\/#website\",\"url\":\"https:\\\/\\\/silagesafe.nl\\\/\",\"name\":\"Silage Safe\",\"description\":\"Afdeksysteem voor ruwvoer\",\"potentialAction\":[{\"@type\":\"SearchAction\",\"target\":{\"@type\":\"EntryPoint\",\"urlTemplate\":\"https:\\\/\\\/silagesafe.nl\\\/?s={search_term_string}\"},\"query-input\":{\"@type\":\"PropertyValueSpecification\",\"valueRequired\":true,\"valueName\":\"search_term_string\"}}],\"inLanguage\":\"de\"}]}<\/script>\n<!-- \/ Yoast SEO plugin. -->","yoast_head_json":{"title":"Voorkom bederf van kuilvoer met het Silage Safe afdeksysteem","description":"Met Silage Safe kun je bederf van kuilvoer voorkomen en je gewas optimaal beschermen tegen schade zoals water, broei, ongedierte en meer.","robots":{"index":"index","follow":"follow","max-snippet":"max-snippet:-1","max-image-preview":"max-image-preview:large","max-video-preview":"max-video-preview:-1"},"canonical":"https:\/\/silagesafe.nl\/de\/bederf-kuilvoer-voorkomen\/","og_locale":"de_DE","og_type":"article","og_title":"Voorkom bederf van kuilvoer met het Silage Safe afdeksysteem","og_description":"Met Silage Safe kun je bederf van kuilvoer voorkomen en je gewas optimaal beschermen tegen schade zoals water, broei, ongedierte en meer.","og_url":"https:\/\/silagesafe.nl\/de\/bederf-kuilvoer-voorkomen\/","og_site_name":"Silage Safe","article_modified_time":"2024-03-20T13:24:38+00:00","twitter_card":"summary_large_image","twitter_misc":{"Gesch\u00e4tzte Lesezeit":"4\u00a0Minuten"},"schema":{"@context":"https:\/\/schema.org","@graph":[{"@type":"WebPage","@id":"https:\/\/silagesafe.nl\/de\/bederf-kuilvoer-voorkomen\/","url":"https:\/\/silagesafe.nl\/de\/bederf-kuilvoer-voorkomen\/","name":"Voorkom bederf van kuilvoer met het Silage Safe afdeksysteem","isPartOf":{"@id":"https:\/\/silagesafe.nl\/#website"},"datePublished":"2023-04-04T23:58:39+00:00","dateModified":"2024-03-20T13:24:38+00:00","description":"Met Silage Safe kun je bederf van kuilvoer voorkomen en je gewas optimaal beschermen tegen schade zoals water, broei, ongedierte en meer.","breadcrumb":{"@id":"https:\/\/silagesafe.nl\/de\/bederf-kuilvoer-voorkomen\/#breadcrumb"},"inLanguage":"de","potentialAction":[{"@type":"ReadAction","target":["https:\/\/silagesafe.nl\/de\/bederf-kuilvoer-voorkomen\/"]}]},{"@type":"BreadcrumbList","@id":"https:\/\/silagesafe.nl\/de\/bederf-kuilvoer-voorkomen\/#breadcrumb","itemListElement":[{"@type":"ListItem","position":1,"name":"Home","item":"https:\/\/silagesafe.nl\/"},{"@type":"ListItem","position":2,"name":"Bederf van kuilvoer voorkomen"}]},{"@type":"WebSite","@id":"https:\/\/silagesafe.nl\/#website","url":"https:\/\/silagesafe.nl\/","name":"Silage Safe","description":"Afdeksysteem voor ruwvoer","potentialAction":[{"@type":"SearchAction","target":{"@type":"EntryPoint","urlTemplate":"https:\/\/silagesafe.nl\/?s={search_term_string}"},"query-input":{"@type":"PropertyValueSpecification","valueRequired":true,"valueName":"search_term_string"}}],"inLanguage":"de"}]}},"_links":{"self":[{"href":"https:\/\/silagesafe.nl\/de\/wp-json\/wp\/v2\/pages\/2205","targetHints":{"allow":["GET"]}}],"collection":[{"href":"https:\/\/silagesafe.nl\/de\/wp-json\/wp\/v2\/pages"}],"about":[{"href":"https:\/\/silagesafe.nl\/de\/wp-json\/wp\/v2\/types\/page"}],"author":[{"embeddable":true,"href":"https:\/\/silagesafe.nl\/de\/wp-json\/wp\/v2\/users\/1"}],"replies":[{"embeddable":true,"href":"https:\/\/silagesafe.nl\/de\/wp-json\/wp\/v2\/comments?post=2205"}],"version-history":[{"count":0,"href":"https:\/\/silagesafe.nl\/de\/wp-json\/wp\/v2\/pages\/2205\/revisions"}],"wp:attachment":[{"href":"https:\/\/silagesafe.nl\/de\/wp-json\/wp\/v2\/media?parent=2205"}],"curies":[{"name":"wp","href":"https:\/\/api.w.org\/{rel}","templated":true}]}}