{"id":1930,"date":"2023-03-23T11:05:43","date_gmt":"2023-03-23T10:05:43","guid":{"rendered":"https:\/\/silagesafe.nl\/?page_id=1930"},"modified":"2024-03-20T14:22:27","modified_gmt":"2024-03-20T13:22:27","slug":"maiskuil-afdekken","status":"publish","type":"page","link":"https:\/\/silagesafe.nl\/da\/maiskuil-afdekken\/","title":{"rendered":"Maiskuil afdekken: 7 tips om dit snel en veilig te doen"},"content":{"rendered":"<div data-elementor-type=\"wp-page\" data-elementor-id=\"1930\" class=\"elementor elementor-1930\" data-elementor-post-type=\"page\">\n\t\t\t\t\t\t<section class=\"elementor-section elementor-top-section elementor-element elementor-element-e07f2a7 elementor-section-boxed elementor-section-height-default elementor-section-height-default\" data-id=\"e07f2a7\" data-element_type=\"section\" data-e-type=\"section\">\n\t\t\t\t\t\t<div class=\"elementor-container elementor-column-gap-default\">\n\t\t\t\t\t<div class=\"elementor-column elementor-col-100 elementor-top-column elementor-element elementor-element-0f14f75\" data-id=\"0f14f75\" data-element_type=\"column\" data-e-type=\"column\">\n\t\t\t<div class=\"elementor-widget-wrap elementor-element-populated\">\n\t\t\t\t\t\t<div class=\"elementor-element elementor-element-712bc41 elementor-widget elementor-widget-text-editor\" data-id=\"712bc41\" data-element_type=\"widget\" data-e-type=\"widget\" data-widget_type=\"text-editor.default\">\n\t\t\t\t<div class=\"elementor-widget-container\">\n\t\t\t\t\t\t\t\t\t<p><strong>Als het gaat om het oogsten en opslaan van ma\u00efs, is inkuilen in een silo de meest gebruikelijke manier om dit te doen. Het afdekken van ma\u00efs in een silo kan echter een lastig proces zijn en het is belangrijk om het goed te doen. Er zijn verschillende methoden en technieken waarmee je rekening moet houden bij het afdekken van ma\u00efs in een silo, en het is belangrijk om te weten welke dat zijn. In dit artikel geven we 7 tips om mais snel en veilig af te dekken.<\/strong><\/p><h2>1. Kies de juiste ma\u00efsvari\u00ebteit<\/h2><p>De eerste stap bij het inkuilen van ma\u00efs is het kiezen van de juiste vari\u00ebteit. Niet alle soorten ma\u00efs zijn geschikt voor kuilvoer, dus het is belangrijk om een vari\u00ebteit te kiezen die speciaal voor uw diersoort is ontwikkeld. Sommige vari\u00ebteiten zijn beter voor bepaalde klimaten, andere zijn beter voor verschillende seizoenen en sommige zijn beter voor specifieke grondsoorten. Onderzoek uw lokale klimaat en bodemgesteldheid en kies de vari\u00ebteit die het meest geschikt is voor jouw specifieke situatie.<\/p><h2>2. Oogst op het juiste moment<\/h2><p>De tweede tip is om je ma\u00efs op het juiste moment te oogsten. Een mooi uitgangspunt is de kleur van de draadjes die uit de kolven komen. Zijn de draadjes allemaal bruin van kleur, dan is de kolf rijp om te plukken. Kolven met groene draadjes zijn niet rijp! Je kunt ook controleren of de mais goed is gegroeid door voorzichtig de buitenste bladeren te pellen. Zie je aan de punt van de maiskolf geen gele korrels zitten, dan is de kolf waarschijnlijk nog niet goed rijp. Laat deze dus nog even hangen. Zie je wel gele korrels dan kan je de kolf van de plant plukken.<\/p><h2>3. Kies het juiste drogestofpercentage<\/h2><p>De derde tip is om de mais te oogsten bij het juiste drogestofpercentage. Ma\u00efs moet worden gedroogd tot een vochtgehalte van minder dan 40 procent voordat het in de kuil kan worden opgeslagen. Dit helpt de groei van schimmels en bacteri\u00ebn te voorkomen en de hoeveelheid bederf te verminderen.<\/p>\t\t\t\t\t\t\t\t<\/div>\n\t\t\t\t<\/div>\n\t\t\t\t\t<\/div>\n\t\t<\/div>\n\t\t\t\t\t<\/div>\n\t\t<\/section>\n\t\t\t\t<section class=\"elementor-section elementor-top-section elementor-element elementor-element-7337731 elementor-section-boxed elementor-section-height-default elementor-section-height-default\" data-id=\"7337731\" data-element_type=\"section\" data-e-type=\"section\" data-settings=\"{&quot;background_background&quot;:&quot;classic&quot;}\">\n\t\t\t\t\t\t<div class=\"elementor-container elementor-column-gap-default\">\n\t\t\t\t\t<div class=\"elementor-column elementor-col-100 elementor-top-column elementor-element elementor-element-83b665d\" data-id=\"83b665d\" data-element_type=\"column\" data-e-type=\"column\">\n\t\t\t<div class=\"elementor-widget-wrap elementor-element-populated\">\n\t\t\t\t\t\t<div class=\"elementor-element elementor-element-345fd02 elementor-widget elementor-widget-text-editor\" data-id=\"345fd02\" data-element_type=\"widget\" data-e-type=\"widget\" data-widget_type=\"text-editor.default\">\n\t\t\t\t<div class=\"elementor-widget-container\">\n\t\t\t\t\t\t\t\t\t<h2>4. Haksel fijn<\/h2><p>De vierde tip is om de ma\u00efs goed te hakselen voordat je het inkuilt. Het hakselen van de ma\u00efs helpt om de deeltjesgrootte te verminderen, waardoor het gemakkelijker wordt om in de kuil compact vast te rijden. Hakselen helpt ook om de hoeveelheid lucht in de kuil te verminderen, wat weer helpt om bederf en gisting te voorkomen.<\/p><h2>5. Verdicht zo goed mogelijk<\/h2><p>De vijfde tip is om de mais zo strak mogelijk in de kuil te persen. Dit helpt om de hoeveelheid lucht in het kuilvoer te verminderen en het fermentatieproces te vergemakkelijken. Het helpt ook om het risico op bederf en verdere fermentatie te verminderen.<\/p><h2>6. Bedek het kuilvoer met plastic<\/h2><p>De zesde tip is om de kuil bij opslag af te dekken met plastic. Dit klinkt heel eenvoudig en voordehandliggend, maar goed bedekken is een uitdaging opzich. Dit helpt de hoeveelheid lucht in het kuilvoer te verminderen en helpt vocht buiten te houden, wat bederf en gisting kan veroorzaken.<\/p><h2>7. Dek je kuilvoer af met Silage Safe<\/h2><p>De zevende en laatste tip is om je kuilvoer over het plastic goed af te dekken. Silage Safe helpt het risico op bederf te verminderen, evenals het risico op schimmel- en bacteriegroei. Het afdeksysteem bestaat enkel uit geweven doeken, spanbanden en geperforeerde pvc- en stalen buizen. In tegenstelling tot andere afdeksystemen wordt er dus niet gebruik gemaakt van portalen op het ruwvoer of stellages die je met een shovel moet verzetten.<\/p><p>Met het Silage Safe afdeksysteem dek je het ruwvoer direct na het inkuilen snel, nauwkeurig en met een minimale fysieke inspanning strak luchtdicht af. Dit zorgt voor een optimale conservering en een hogere ruwvoerkwaliteit. Doordat je het ruwvoer eenvoudig kunt afdekken, kun je het gemakkelijker in lagen inkuilen. Hierdoor heb je een constante ruwvoerkwaliteit. Dit leidt tot een optimale ruwvoeropname door de koeien wat resulteert in een goede gezondheid van jouw koeien en een hogere productie.<\/p>\t\t\t\t\t\t\t\t<\/div>\n\t\t\t\t<\/div>\n\t\t\t\t\t<\/div>\n\t\t<\/div>\n\t\t\t\t\t<\/div>\n\t\t<\/section>\n\t\t\t\t<\/div>","protected":false},"excerpt":{"rendered":"<p>Als het gaat om het oogsten en opslaan van ma\u00efs, is inkuilen in een silo de meest gebruikelijke manier om dit te doen. Het afdekken van ma\u00efs in een silo kan echter een lastig proces zijn en het is belangrijk om het goed te doen. Er zijn verschillende methoden en technieken waarmee je rekening moet [&hellip;]<\/p>\n","protected":false},"author":1,"featured_media":2427,"parent":0,"menu_order":0,"comment_status":"closed","ping_status":"closed","template":"elementor_header_footer","meta":{"_joinchat":[],"footnotes":""},"class_list":["post-1930","page","type-page","status-publish","has-post-thumbnail","hentry"],"yoast_head":"<!-- This site is optimized with the Yoast SEO plugin v27.2 - https:\/\/yoast.com\/product\/yoast-seo-wordpress\/ -->\n<title>Maiskuil Afdekken met Silage Safe | Silage Safe afdeksysteem<\/title>\n<meta name=\"description\" content=\"Maiskuilen zijn een duurzame en veilige manier om je gewas op te slaan. Met Silage Safe kun je je maiskuil afdekken en je gewas veilig en effectief bewaren.\" \/>\n<meta name=\"robots\" content=\"index, follow, max-snippet:-1, max-image-preview:large, max-video-preview:-1\" \/>\n<link rel=\"canonical\" href=\"https:\/\/silagesafe.nl\/da\/maiskuil-afdekken\/\" \/>\n<meta property=\"og:locale\" content=\"da_DK\" \/>\n<meta property=\"og:type\" content=\"article\" \/>\n<meta property=\"og:title\" content=\"Maiskuil Afdekken met Silage Safe | Silage Safe afdeksysteem\" \/>\n<meta property=\"og:description\" content=\"Maiskuilen zijn een duurzame en veilige manier om je gewas op te slaan. Met Silage Safe kun je je maiskuil afdekken en je gewas veilig en effectief bewaren.\" \/>\n<meta property=\"og:url\" content=\"https:\/\/silagesafe.nl\/da\/maiskuil-afdekken\/\" \/>\n<meta property=\"og:site_name\" content=\"Silage Safe\" \/>\n<meta property=\"article:modified_time\" content=\"2024-03-20T13:22:27+00:00\" \/>\n<meta property=\"og:image\" content=\"https:\/\/silagesafe.nl\/wp-content\/uploads\/2023\/04\/Maiskuil-afdekken-Silage-Safe.jpg\" \/>\n\t<meta property=\"og:image:width\" content=\"1024\" \/>\n\t<meta property=\"og:image:height\" content=\"1024\" \/>\n\t<meta property=\"og:image:type\" content=\"image\/jpeg\" \/>\n<meta name=\"twitter:card\" content=\"summary_large_image\" \/>\n<meta name=\"twitter:label1\" content=\"Estimeret l\u00e6setid\" \/>\n\t<meta name=\"twitter:data1\" content=\"4 minutter\" \/>\n<script type=\"application\/ld+json\" class=\"yoast-schema-graph\">{\"@context\":\"https:\/\/schema.org\",\"@graph\":[{\"@type\":\"WebPage\",\"@id\":\"https:\/\/silagesafe.nl\/maiskuil-afdekken\/\",\"url\":\"https:\/\/silagesafe.nl\/maiskuil-afdekken\/\",\"name\":\"Maiskuil Afdekken met Silage Safe | Silage Safe afdeksysteem\",\"isPartOf\":{\"@id\":\"https:\/\/silagesafe.nl\/#website\"},\"primaryImageOfPage\":{\"@id\":\"https:\/\/silagesafe.nl\/maiskuil-afdekken\/#primaryimage\"},\"image\":{\"@id\":\"https:\/\/silagesafe.nl\/maiskuil-afdekken\/#primaryimage\"},\"thumbnailUrl\":\"https:\/\/silagesafe.nl\/wp-content\/uploads\/2023\/04\/Maiskuil-afdekken-Silage-Safe.jpg\",\"datePublished\":\"2023-03-23T10:05:43+00:00\",\"dateModified\":\"2024-03-20T13:22:27+00:00\",\"description\":\"Maiskuilen zijn een duurzame en veilige manier om je gewas op te slaan. Met Silage Safe kun je je maiskuil afdekken en je gewas veilig en effectief bewaren.\",\"breadcrumb\":{\"@id\":\"https:\/\/silagesafe.nl\/maiskuil-afdekken\/#breadcrumb\"},\"inLanguage\":\"da-DK\",\"potentialAction\":[{\"@type\":\"ReadAction\",\"target\":[\"https:\/\/silagesafe.nl\/maiskuil-afdekken\/\"]}]},{\"@type\":\"ImageObject\",\"inLanguage\":\"da-DK\",\"@id\":\"https:\/\/silagesafe.nl\/maiskuil-afdekken\/#primaryimage\",\"url\":\"https:\/\/silagesafe.nl\/wp-content\/uploads\/2023\/04\/Maiskuil-afdekken-Silage-Safe.jpg\",\"contentUrl\":\"https:\/\/silagesafe.nl\/wp-content\/uploads\/2023\/04\/Maiskuil-afdekken-Silage-Safe.jpg\",\"width\":1024,\"height\":1024},{\"@type\":\"BreadcrumbList\",\"@id\":\"https:\/\/silagesafe.nl\/maiskuil-afdekken\/#breadcrumb\",\"itemListElement\":[{\"@type\":\"ListItem\",\"position\":1,\"name\":\"Home\",\"item\":\"https:\/\/silagesafe.nl\/\"},{\"@type\":\"ListItem\",\"position\":2,\"name\":\"Maiskuil afdekken: 7 tips om dit snel en veilig te doen\"}]},{\"@type\":\"WebSite\",\"@id\":\"https:\/\/silagesafe.nl\/#website\",\"url\":\"https:\/\/silagesafe.nl\/\",\"name\":\"Silage Safe\",\"description\":\"Afdeksysteem voor ruwvoer\",\"potentialAction\":[{\"@type\":\"SearchAction\",\"target\":{\"@type\":\"EntryPoint\",\"urlTemplate\":\"https:\/\/silagesafe.nl\/?s={search_term_string}\"},\"query-input\":{\"@type\":\"PropertyValueSpecification\",\"valueRequired\":true,\"valueName\":\"search_term_string\"}}],\"inLanguage\":\"da-DK\"}]}<\/script>\n<!-- \/ Yoast SEO plugin. -->","yoast_head_json":{"title":"Maiskuil Afdekken met Silage Safe | Silage Safe afdeksysteem","description":"Maiskuilen zijn een duurzame en veilige manier om je gewas op te slaan. Met Silage Safe kun je je maiskuil afdekken en je gewas veilig en effectief bewaren.","robots":{"index":"index","follow":"follow","max-snippet":"max-snippet:-1","max-image-preview":"max-image-preview:large","max-video-preview":"max-video-preview:-1"},"canonical":"https:\/\/silagesafe.nl\/da\/maiskuil-afdekken\/","og_locale":"da_DK","og_type":"article","og_title":"Maiskuil Afdekken met Silage Safe | Silage Safe afdeksysteem","og_description":"Maiskuilen zijn een duurzame en veilige manier om je gewas op te slaan. Met Silage Safe kun je je maiskuil afdekken en je gewas veilig en effectief bewaren.","og_url":"https:\/\/silagesafe.nl\/da\/maiskuil-afdekken\/","og_site_name":"Silage Safe","article_modified_time":"2024-03-20T13:22:27+00:00","og_image":[{"width":1024,"height":1024,"url":"https:\/\/silagesafe.nl\/wp-content\/uploads\/2023\/04\/Maiskuil-afdekken-Silage-Safe.jpg","type":"image\/jpeg"}],"twitter_card":"summary_large_image","twitter_misc":{"Estimeret l\u00e6setid":"4 minutter"},"schema":{"@context":"https:\/\/schema.org","@graph":[{"@type":"WebPage","@id":"https:\/\/silagesafe.nl\/maiskuil-afdekken\/","url":"https:\/\/silagesafe.nl\/maiskuil-afdekken\/","name":"Maiskuil Afdekken met Silage Safe | Silage Safe afdeksysteem","isPartOf":{"@id":"https:\/\/silagesafe.nl\/#website"},"primaryImageOfPage":{"@id":"https:\/\/silagesafe.nl\/maiskuil-afdekken\/#primaryimage"},"image":{"@id":"https:\/\/silagesafe.nl\/maiskuil-afdekken\/#primaryimage"},"thumbnailUrl":"https:\/\/silagesafe.nl\/wp-content\/uploads\/2023\/04\/Maiskuil-afdekken-Silage-Safe.jpg","datePublished":"2023-03-23T10:05:43+00:00","dateModified":"2024-03-20T13:22:27+00:00","description":"Maiskuilen zijn een duurzame en veilige manier om je gewas op te slaan. Met Silage Safe kun je je maiskuil afdekken en je gewas veilig en effectief bewaren.","breadcrumb":{"@id":"https:\/\/silagesafe.nl\/maiskuil-afdekken\/#breadcrumb"},"inLanguage":"da-DK","potentialAction":[{"@type":"ReadAction","target":["https:\/\/silagesafe.nl\/maiskuil-afdekken\/"]}]},{"@type":"ImageObject","inLanguage":"da-DK","@id":"https:\/\/silagesafe.nl\/maiskuil-afdekken\/#primaryimage","url":"https:\/\/silagesafe.nl\/wp-content\/uploads\/2023\/04\/Maiskuil-afdekken-Silage-Safe.jpg","contentUrl":"https:\/\/silagesafe.nl\/wp-content\/uploads\/2023\/04\/Maiskuil-afdekken-Silage-Safe.jpg","width":1024,"height":1024},{"@type":"BreadcrumbList","@id":"https:\/\/silagesafe.nl\/maiskuil-afdekken\/#breadcrumb","itemListElement":[{"@type":"ListItem","position":1,"name":"Home","item":"https:\/\/silagesafe.nl\/"},{"@type":"ListItem","position":2,"name":"Maiskuil afdekken: 7 tips om dit snel en veilig te doen"}]},{"@type":"WebSite","@id":"https:\/\/silagesafe.nl\/#website","url":"https:\/\/silagesafe.nl\/","name":"Silage Safe","description":"Afdeksysteem voor ruwvoer","potentialAction":[{"@type":"SearchAction","target":{"@type":"EntryPoint","urlTemplate":"https:\/\/silagesafe.nl\/?s={search_term_string}"},"query-input":{"@type":"PropertyValueSpecification","valueRequired":true,"valueName":"search_term_string"}}],"inLanguage":"da-DK"}]}},"_links":{"self":[{"href":"https:\/\/silagesafe.nl\/da\/wp-json\/wp\/v2\/pages\/1930","targetHints":{"allow":["GET"]}}],"collection":[{"href":"https:\/\/silagesafe.nl\/da\/wp-json\/wp\/v2\/pages"}],"about":[{"href":"https:\/\/silagesafe.nl\/da\/wp-json\/wp\/v2\/types\/page"}],"author":[{"embeddable":true,"href":"https:\/\/silagesafe.nl\/da\/wp-json\/wp\/v2\/users\/1"}],"replies":[{"embeddable":true,"href":"https:\/\/silagesafe.nl\/da\/wp-json\/wp\/v2\/comments?post=1930"}],"version-history":[{"count":0,"href":"https:\/\/silagesafe.nl\/da\/wp-json\/wp\/v2\/pages\/1930\/revisions"}],"wp:featuredmedia":[{"embeddable":true,"href":"https:\/\/silagesafe.nl\/da\/wp-json\/wp\/v2\/media\/2427"}],"wp:attachment":[{"href":"https:\/\/silagesafe.nl\/da\/wp-json\/wp\/v2\/media?parent=1930"}],"curies":[{"name":"wp","href":"https:\/\/api.w.org\/{rel}","templated":true}]}}